{"id":4686,"date":"2019-10-10T11:44:19","date_gmt":"2019-10-10T10:44:19","guid":{"rendered":"https:\/\/www.clinicadentalrocasantiago.com\/dental-implant\/sinus-floor-elevation\/"},"modified":"2019-10-21T14:33:50","modified_gmt":"2019-10-21T13:33:50","slug":"sinus-floor-elevation","status":"publish","type":"page","link":"https:\/\/www.clinicadentalrocasantiago.com\/en\/implants\/dental-implant\/sinus-floor-elevation\/","title":{"rendered":"SINUS FLOOR ELEVATION"},"content":{"rendered":"<p>[et_pb_section bb_built=&#8221;1&#8243; fullwidth=&#8221;on&#8221; custom_padding_last_edited=&#8221;on|desktop&#8221; _builder_version=&#8221;3.0.106&#8243; custom_padding_tablet=&#8221;50px|0|50px|0&#8243; next_background_color=&#8221;#000000&#8243; module_id=&#8221;custom_section&#8221; module_class=&#8221;custom_section&#8221; global_module=&#8221;4938&#8243; prev_background_color=&#8221;#000000&#8243;][et_pb_fullwidth_menu global_parent=&#8221;4938&#8243; menu_id=&#8221;11&#8243; background_layout=&#8221;dark&#8221; submenu_direction=&#8221;downwards&#8221; fullwidth_menu=&#8221;off&#8221; active_link_color=&#8221;#00a8b4&#8243; dropdown_menu_bg_color=&#8221;#d1d1d1&#8243; dropdown_menu_line_color=&#8221;#00a8b4&#8243; dropdown_menu_text_color=&#8221;#4d5357&#8243; mobile_menu_bg_color=&#8221;#d1d1d1&#8243; mobile_menu_text_color=&#8221;#4d5357&#8243; _builder_version=&#8221;3.0.47&#8243; menu_font=&#8221;|on|||&#8221; menu_text_color=&#8221;#ffffff&#8221; background_color=&#8221;#00a8b4&#8243; text_orientation=&#8221;center&#8221; dropdown_menu_animation=&#8221;expand&#8221; \/][\/et_pb_section][et_pb_section bb_built=&#8221;1&#8243; admin_label=&#8221;section&#8221; fullwidth=&#8221;on&#8221; custom_padding_last_edited=&#8221;on|desktop&#8221; _builder_version=&#8221;3.0.47&#8243; background_image=&#8221;https:\/\/www.clinicadentalrocasantiago.com\/wp-content\/uploads\/2015\/09\/imagen-fondo.jpg&#8221; custom_padding_tablet=&#8221;50px|0|50px|0&#8243; transparent_background=&#8221;off&#8221; padding_mobile=&#8221;off&#8221; prev_background_color=&#8221;#000000&#8243; next_background_color=&#8221;#000000&#8243;][et_pb_fullwidth_header admin_label=&#8221;INTRO&#8221; title=&#8221;SINUS FLOOR ELEVATION&#8221; subhead=&#8221;Sinus floor elevation is a surgery in which bone is placed in the posterior area of the upper jaw in the molar and premolar area, which allows implant treatment to be carried out where it wasn&#8217;t previously possible due to a lack of bone&#8221; background_layout=&#8221;dark&#8221; text_orientation=&#8221;center&#8221; _builder_version=&#8221;3.0.106&#8243; title_font_size=&#8221;36&#8243; subhead_font_size=&#8221;24px&#8221; background_color=&#8221;rgba(255,255,255,0.11)&#8221; max_width_tablet=&#8221;50px&#8221;]<br \/>\n[\/et_pb_fullwidth_header][\/et_pb_section][et_pb_section bb_built=&#8221;1&#8243; fullwidth=&#8221;on&#8221; _builder_version=&#8221;3.0.47&#8243; prev_background_color=&#8221;#000000&#8243; next_background_color=&#8221;#00454d&#8221;][et_pb_fullwidth_menu menu_id=&#8221;22&#8243; submenu_direction=&#8221;downwards&#8221; fullwidth_menu=&#8221;on&#8221; _builder_version=&#8221;3.0.47&#8243; menu_font=&#8221;|on|||&#8221; menu_text_color=&#8221;#00a8b4&#8243; text_orientation=&#8221;center&#8221; saved_tabs=&#8221;all&#8221; background_color=&#8221;#ffffff&#8221;]<br \/>\n[\/et_pb_fullwidth_menu][\/et_pb_section][et_pb_section bb_built=&#8221;1&#8243; background_color=&#8221;#ffffff&#8221; custom_padding_last_edited=&#8221;on|desktop&#8221; _builder_version=&#8221;3.0.47&#8243; background_image=&#8221;https:\/\/www.clinicadentalrocasantiago.com\/wp-content\/uploads\/2015\/09\/imagen-fondo-blanco.jpg&#8221; custom_padding_tablet=&#8221;50px|0|50px|0&#8243; transparent_background=&#8221;off&#8221; padding_mobile=&#8221;off&#8221; prev_background_color=&#8221;#000000&#8243;][et_pb_row _builder_version=&#8221;3.0.47&#8243; background_size=&#8221;initial&#8221; background_position=&#8221;top_left&#8221; background_repeat=&#8221;repeat&#8221;][et_pb_column type=&#8221;2_3&#8243;][et_pb_image src=&#8221;https:\/\/www.clinicadentalrocasantiago.com\/wp-content\/uploads\/2018\/03\/ELEVACION-DE-SENO-IMPLANTES.jpg&#8221; _builder_version=&#8221;3.0.106&#8243; animation_style=&#8221;slide&#8221; animation_direction=&#8221;left&#8221; animation_duration=&#8221;500ms&#8221; animation_intensity_slide=&#8221;10%&#8221; use_border_color=&#8221;off&#8221;]<br \/>\n[\/et_pb_image][et_pb_text admin_label=&#8221;\u00bfQU\u00c9 ES LA ELEVACI\u00d3N DE SENO M\u00c1XILAR?&#8221; background_layout=&#8221;dark&#8221; _builder_version=&#8221;3.0.106&#8243; text_font_size=&#8221;32&#8243; text_text_color=&#8221;#ffffff&#8221; text_line_height=&#8221;1.4em&#8221; text_line_height_tablet=&#8221;1.3em&#8221; text_line_height_phone=&#8221;1.2em&#8221; text_line_height_last_edited=&#8221;on|phone&#8221; header_line_height_tablet=&#8221;1.3em&#8221; header_line_height_last_edited=&#8221;on|desktop&#8221; background_color=&#8221;#00a8b4&#8243; background_size=&#8221;initial&#8221; background_position=&#8221;top_left&#8221; background_repeat=&#8221;repeat&#8221; text_orientation=&#8221;center&#8221; module_alignment=&#8221;center&#8221; custom_margin=&#8221;-30px||10px|0px&#8221; custom_padding=&#8221;50px||50px|&#8221; use_border_color=&#8221;off&#8221;]<\/p>\n<p>WHAT IS SINUS FLOOR ELEVATION?<\/p>\n<p>[\/et_pb_text][et_pb_text _builder_version=&#8221;3.0.106&#8243; text_font_size=&#8221;16&#8243; background_color=&#8221;#ffffff&#8221; background_size=&#8221;initial&#8221; background_position=&#8221;top_left&#8221; background_repeat=&#8221;repeat&#8221; custom_margin=&#8221;-20px|0px|0px|0px&#8221; custom_padding=&#8221;10px|10px|10px|20px&#8221; use_border_color=&#8221;off&#8221; border_color=&#8221;#ffffff&#8221; border_style=&#8221;solid&#8221;]<\/p>\n<p>Sinus floor elevation is surgery in which <strong>bone is placed in the posterior area of the upper jaw<\/strong> at the molar and premolar level, allowing implant treatment to be carried out where it wasn&#8217;t previously possible due to lack of bone. Synthetic bone mixed with autologous bone is added between the sinus floor and the sinus membrane, which is moved upwards to make space for the bone that will regenerate, allowing the titanium implants to be fixed in place.<\/p>\n<p>Several types of grafts are described, and it is possible to place the implants at the same time as the sinus floor elevation, or at a later date, depending on the initial bone height.<\/p>\n<p>An initial bone height of 10 mm is required for the fitting of dental implants to be successful and predictable.<\/p>\n<p>Implants placed at the same time as the sinus floor elevation (when there is a minimum of 5 millimetres of bone crest) are given their primary stability by the remaining bone, and the portion of the implant penetrating the sinus floor is coated with the bone graft.<\/p>\n<p>If there is less than 5 millimetres of bone in the sinus elevation zone, it is necessary to perform the technique in two stages, first raising the sinus and then fitting the dental implants, 6 months later.<\/p>\n<p>[\/et_pb_text][\/et_pb_column][et_pb_column type=&#8221;1_3&#8243;][et_pb_divider height=&#8221;20&#8243; disabled_on=&#8221;on|on|off&#8221; _builder_version=&#8221;3.0.47&#8243; hide_on_mobile=&#8221;on&#8221;]<br \/>\n[\/et_pb_divider][et_pb_sidebar orientation=&#8221;right&#8221; area=&#8221;et_pb_widget_area_1&#8243; _builder_version=&#8221;3.0.47&#8243; header_font_size=&#8221;21&#8243; remove_border=&#8221;off&#8221; show_border=&#8221;on&#8221;]<br \/>\n[\/et_pb_sidebar][\/et_pb_column][\/et_pb_row][\/et_pb_section][et_pb_section bb_built=&#8221;1&#8243; admin_label=&#8221;section&#8221; background_color=&#8221;#00454d&#8221; custom_padding_last_edited=&#8221;on|desktop&#8221; _builder_version=&#8221;3.0.47&#8243; background_image=&#8221;https:\/\/www.clinicadentalrocasantiago.com\/wp-content\/uploads\/2015\/09\/imagen-fondo-azul.jpg&#8221; parallax=&#8221;on&#8221; custom_padding_tablet=&#8221;50px|0|50px|0&#8243; transparent_background=&#8221;off&#8221; padding_mobile=&#8221;off&#8221; prev_background_color=&#8221;#000000&#8243;][et_pb_row admin_label=&#8221;row&#8221; padding_mobile=&#8221;off&#8221; column_padding_mobile=&#8221;on&#8221; _builder_version=&#8221;3.0.47&#8243; background_size=&#8221;initial&#8221; background_position=&#8221;top_left&#8221; background_repeat=&#8221;repeat&#8221;][et_pb_column type=&#8221;4_4&#8243;][et_pb_divider height=&#8221;20&#8243; disabled_on=&#8221;on|on|off&#8221; _builder_version=&#8221;3.0.47&#8243; hide_on_mobile=&#8221;on&#8221;]<br \/>\n[\/et_pb_divider][et_pb_cta admin_label=&#8221;Call To Action&#8221; title=&#8221;TRY US OUT &#8221; button_url=&#8221;https:\/\/www.clinicadentalrocasantiago.com\/en\/contact\/&#8221; button_text=&#8221;CONTACT US&#8221; use_background_color=&#8221;off&#8221; _builder_version=&#8221;3.0.47&#8243; body_font_size=&#8221;26&#8243; background_size=&#8221;initial&#8221; background_position=&#8221;top_left&#8221; background_repeat=&#8221;repeat&#8221; use_border_color=&#8221;off&#8221; border_color=&#8221;#ffffff&#8221; border_width=&#8221;1px&#8221; border_style=&#8221;solid&#8221;]<\/p>\n<p>THE FIRST APPOINTMENT IS FREE. GET AN APPOINTMENT:952 58 36 83.<\/p>\n<p>[\/et_pb_cta][et_pb_text background_layout=&#8221;dark&#8221; _builder_version=&#8221;3.0.47&#8243; text_font_size=&#8221;24&#8243; background_size=&#8221;initial&#8221; background_position=&#8221;top_left&#8221; background_repeat=&#8221;repeat&#8221; text_orientation=&#8221;center&#8221; module_alignment=&#8221;center&#8221; use_border_color=&#8221;off&#8221; border_style=&#8221;solid&#8221;]<\/p>\n<p>If you prefer, you can complete the form and we will contact you.<\/p>\n<p>[\/et_pb_text][et_pb_divider height=&#8221;20&#8243; disabled_on=&#8221;on|on|off&#8221; _builder_version=&#8221;3.0.47&#8243; hide_on_mobile=&#8221;on&#8221;]<br \/>\n[\/et_pb_divider][\/et_pb_column][\/et_pb_row][et_pb_row padding_mobile=&#8221;off&#8221; background_color=&#8221;rgba(255,255,255,0)&#8221; column_padding_mobile=&#8221;on&#8221; _builder_version=&#8221;3.0.106&#8243; background_size=&#8221;initial&#8221; background_position=&#8221;top_left&#8221; background_repeat=&#8221;repeat&#8221;][et_pb_column type=&#8221;4_4&#8243;][et_pb_contact_form email=&#8221;clinicarocasantiago@gmail.com&#8221; custom_message=&#8221;Mensaje enviado desde la web www.clinicadentalrocasantiago.com:||et_pb_line_break_holder||Nombre: %%Name%%||et_pb_line_break_holder||e-mail: %%Email%%||et_pb_line_break_holder||Mensaje: %%message%%||et_pb_line_break_holder||Telefono: %%Telefono%%||et_pb_line_break_holder||Aceptaci\u00f3n de pol\u00edtica de datos: %%Aceptacion%%&#8221; success_message=&#8221;Your message has been sent successfully, we will contact you shortly.&#8221; form_background_color=&#8221;#ffffff&#8221; module_id=&#8221;et_pb_contact_form_0&#8243; _builder_version=&#8221;3.0.106&#8243; border_radii=&#8221;on|0px|0px|0px|0px&#8221; custom_button=&#8221;on&#8221; button_text_color=&#8221;#00a8b4&#8243; button_bg_color=&#8221;#ffffff&#8221; button_border_color=&#8221;#ffffff&#8221; use_border_color=&#8221;off&#8221;][et_pb_contact_field field_id=&#8221;Name&#8221; field_title=&#8221;Name&#8221; fullwidth_field=&#8221;on&#8221; _builder_version=&#8221;3.0.106&#8243; border_radii=&#8221;0&#8243;][\/et_pb_contact_field][et_pb_contact_field field_id=&#8221;Email&#8221; field_title=&#8221;E-mail&#8221; field_type=&#8221;email&#8221; _builder_version=&#8221;3.0.106&#8243; border_radii=&#8221;0&#8243;][\/et_pb_contact_field][et_pb_contact_field field_id=&#8221;Telefono&#8221; field_title=&#8221;Phone&#8221; min_length=&#8221;9&#8243; max_length=&#8221;13&#8243; allowed_symbols=&#8221;numbers&#8221; _builder_version=&#8221;3.0.106&#8243; border_radii=&#8221;on||||&#8221;][\/et_pb_contact_field][et_pb_contact_field field_id=&#8221;Message&#8221; field_title=&#8221;Message&#8221; field_type=&#8221;text&#8221; fullwidth_field=&#8221;on&#8221; _builder_version=&#8221;3.0.106&#8243; border_radii=&#8221;0&#8243;][\/et_pb_contact_field][et_pb_contact_field field_id=&#8221;Aceptacion&#8221; field_title=&#8221; &#8221; field_type=&#8221;checkbox&#8221; fullwidth_field=&#8221;on&#8221; _builder_version=&#8221;3.0.106&#8243; border_radii=&#8221;on||||&#8221; checkbox_options=&#8221;%91{%22value%22:%22I accept the data protection policy%22,%22checked%22:0}%93&#8243;][\/et_pb_contact_field][\/et_pb_contact_form][\/et_pb_column][\/et_pb_row][et_pb_row _builder_version=&#8221;3.0.47&#8243; background_size=&#8221;initial&#8221; background_position=&#8221;top_left&#8221; background_repeat=&#8221;repeat&#8221;][et_pb_column type=&#8221;4_4&#8243;][et_pb_divider height=&#8221;10&#8243; disabled_on=&#8221;on|on|off&#8221; _builder_version=&#8221;3.0.47&#8243; hide_on_mobile=&#8221;on&#8221;]<br \/>\n[\/et_pb_divider][\/et_pb_column][\/et_pb_row][\/et_pb_section]<\/p>\n","protected":false},"excerpt":{"rendered":"<p>WHAT IS SINUS FLOOR ELEVATION? Sinus floor elevation is surgery in which bone is placed in the posterior area of the upper jaw at the molar and premolar level, allowing implant treatment to be carried out where it wasn&#8217;t previously possible due to lack of bone. Synthetic bone mixed with autologous bone is added between [&hellip;]<\/p>\n","protected":false},"author":9,"featured_media":0,"parent":4670,"menu_order":4,"comment_status":"closed","ping_status":"closed","template":"","meta":{"_et_pb_use_builder":"on","_et_pb_old_content":"","_et_gb_content_width":"","_monsterinsights_skip_tracking":false,"_monsterinsights_sitenote_active":false,"_monsterinsights_sitenote_note":"","_monsterinsights_sitenote_category":0,"footnotes":""},"class_list":["post-4686","page","type-page","status-publish","hentry"],"_links":{"self":[{"href":"https:\/\/www.clinicadentalrocasantiago.com\/en\/wp-json\/wp\/v2\/pages\/4686","targetHints":{"allow":["GET"]}}],"collection":[{"href":"https:\/\/www.clinicadentalrocasantiago.com\/en\/wp-json\/wp\/v2\/pages"}],"about":[{"href":"https:\/\/www.clinicadentalrocasantiago.com\/en\/wp-json\/wp\/v2\/types\/page"}],"author":[{"embeddable":true,"href":"https:\/\/www.clinicadentalrocasantiago.com\/en\/wp-json\/wp\/v2\/users\/9"}],"replies":[{"embeddable":true,"href":"https:\/\/www.clinicadentalrocasantiago.com\/en\/wp-json\/wp\/v2\/comments?post=4686"}],"version-history":[{"count":9,"href":"https:\/\/www.clinicadentalrocasantiago.com\/en\/wp-json\/wp\/v2\/pages\/4686\/revisions"}],"predecessor-version":[{"id":4973,"href":"https:\/\/www.clinicadentalrocasantiago.com\/en\/wp-json\/wp\/v2\/pages\/4686\/revisions\/4973"}],"up":[{"embeddable":true,"href":"https:\/\/www.clinicadentalrocasantiago.com\/en\/wp-json\/wp\/v2\/pages\/4670"}],"wp:attachment":[{"href":"https:\/\/www.clinicadentalrocasantiago.com\/en\/wp-json\/wp\/v2\/media?parent=4686"}],"curies":[{"name":"wp","href":"https:\/\/api.w.org\/{rel}","templated":true}]}}